{"id":8266,"date":"2023-12-13T19:10:16","date_gmt":"2023-12-13T19:10:16","guid":{"rendered":"https:\/\/yourdentist.cz\/?page_id=8266"},"modified":"2026-04-01T11:39:42","modified_gmt":"2026-04-01T11:39:42","slug":"prices","status":"publish","type":"page","link":"https:\/\/yourdentist.cz\/en\/prices\/","title":{"rendered":"Prices"},"content":{"rendered":"<div data-vc-full-width=\"true\" data-vc-full-width-init=\"false\" class=\"vc_row wpb_row vc_row-fluid section-title vc_custom_1702495109822 vc_row-o-content-middle vc_row-flex\"><div class=\"wpb_column vc_column_container vc_col-sm-12\"><div class=\"vc_column-inner vc_custom_1702494986609\"><div class=\"wpb_wrapper\"><header class=\"kd-section-title col-lg-12 text-center\" ><h2 class=\"separator_off\" >Prices<\/h2><\/header>\n\t<div class=\"wpb_text_column wpb_content_element\" >\n\t\t<div class=\"wpb_wrapper\">\n\t\t\t\n<table id=\"tablepress-2\" class=\"tablepress tablepress-id-2\">\n<thead>\n<tr class=\"row-1\">\n\t<th class=\"column-1\">Preventive &amp; Diagnostic Services<\/th><th class=\"column-2\">Price (K\u010d)<\/th><th class=\"column-3\">Price (\u20ac)<\/th>\n<\/tr>\n<\/thead>\n<tbody class=\"row-striping row-hover\">\n<tr class=\"row-2\">\n\t<td class=\"column-1\">Preventive check-up (once per year)<\/td><td class=\"column-2\">400 K\u010d<\/td><td class=\"column-3\">16 \u20ac<\/td>\n<\/tr>\n<tr class=\"row-3\">\n\t<td class=\"column-1\">Initial examination (CBCT + consultation)<\/td><td class=\"column-2\">2800 K\u010d<\/td><td class=\"column-3\">112 \u20ac<\/td>\n<\/tr>\n<tr class=\"row-4\">\n\t<td class=\"column-1\">Consultation for dental implantation ( 3D X-ray CBCT + consultation 30 min)<\/td><td class=\"column-2\">2800 K\u010d<\/td><td class=\"column-3\">112 \u20ac<\/td>\n<\/tr>\n<tr class=\"row-5\">\n\t<td class=\"column-1\">3D X-ray CBCT without consultation (+ sent to email)<\/td><td class=\"column-2\">2000 K\u010d<\/td><td class=\"column-3\">80 \u20ac<\/td>\n<\/tr>\n<tr class=\"row-6\">\n\t<td class=\"column-1\">Intraoral X-ray<\/td><td class=\"column-2\">200 K\u010d<\/td><td class=\"column-3\">8 \u20ac<\/td>\n<\/tr>\n<\/tbody>\n<\/table>\n<!-- #tablepress-2 from cache -->\n\n\t\t<\/div>\n\t<\/div>\n<div class=\"vc_empty_space\"   style=\"height: 32px\"><span class=\"vc_empty_space_inner\"><\/span><\/div>\n\t<div class=\"wpb_text_column wpb_content_element\" >\n\t\t<div class=\"wpb_wrapper\">\n\t\t\t\n<table id=\"tablepress-3\" class=\"tablepress tablepress-id-3\">\n<thead>\n<tr class=\"row-1\">\n\t<th class=\"column-1\">Restorative Dentistry<\/th><th class=\"column-2\">Price (K\u010d)<\/th><th class=\"column-3\">Price (\u20ac)<\/th>\n<\/tr>\n<\/thead>\n<tbody class=\"row-striping row-hover\">\n<tr class=\"row-2\">\n\t<td class=\"column-1\">Photocomposite filling (depending on size)<\/td><td class=\"column-2\">2700 - 3500\u00a0K\u010d<\/td><td class=\"column-3\">108 - 140 \u20ac<\/td>\n<\/tr>\n<tr class=\"row-3\">\n\t<td class=\"column-1\">Aesthetic tooth reconstruction (anterior section)<\/td><td class=\"column-2\">3700 K\u010d<\/td><td class=\"column-3\">148 \u20ac<\/td>\n<\/tr>\n<tr class=\"row-4\">\n\t<td class=\"column-1\">All-ceramic inlay, onlay, overlay<\/td><td class=\"column-2\">12500 K\u010d<\/td><td class=\"column-3\">500 \u20ac<\/td>\n<\/tr>\n<tr class=\"row-5\">\n\t<td class=\"column-1\">Local anesthesia<\/td><td class=\"column-2\">200 K\u010d<\/td><td class=\"column-3\">8 \u20ac<\/td>\n<\/tr>\n<tr class=\"row-6\">\n\t<td class=\"column-1\">Conduction anesthesia <\/td><td class=\"column-2\">300 K\u010d<\/td><td class=\"column-3\">12 \u20ac<\/td>\n<\/tr>\n<tr class=\"row-7\">\n\t<td class=\"column-1\">Rubber dam application<\/td><td class=\"column-2\">200 K\u010d<\/td><td class=\"column-3\">8 \u20ac<\/td>\n<\/tr>\n<\/tbody>\n<\/table>\n<!-- #tablepress-3 from cache -->\n\n\t\t<\/div>\n\t<\/div>\n<div class=\"vc_empty_space\"   style=\"height: 32px\"><span class=\"vc_empty_space_inner\"><\/span><\/div>\n\t<div class=\"wpb_text_column wpb_content_element\" >\n\t\t<div class=\"wpb_wrapper\">\n\t\t\t\n<table id=\"tablepress-4\" class=\"tablepress tablepress-id-4\">\n<thead>\n<tr class=\"row-1\">\n\t<th class=\"column-1\">Teeth whitening\/Occlusal Appliances &amp; Mouthguards<\/th><th class=\"column-2\">Price (K\u010d)<\/th><th class=\"column-3\">Price (\u20ac)<\/th>\n<\/tr>\n<\/thead>\n<tbody class=\"row-striping row-hover\">\n<tr class=\"row-2\">\n\t<td class=\"column-1\">Combined teeth whitening (in-office + at-home) \u2013 Pure Whitening<\/td><td class=\"column-2\">8900 K\u010d<\/td><td class=\"column-3\">356 \u20ac<\/td>\n<\/tr>\n<tr class=\"row-3\">\n\t<td class=\"column-1\">At-home teeth whitening \u2013 Pure Whitening<\/td><td class=\"column-2\">5900 K\u010d<\/td><td class=\"column-3\">236 \u20ac<\/td>\n<\/tr>\n<tr class=\"row-4\">\n\t<td class=\"column-1\">In-office whitening OPALESCENCE<\/td><td class=\"column-2\">8000 K\u010d<\/td><td class=\"column-3\">320 \u20ac<\/td>\n<\/tr>\n<tr class=\"row-5\">\n\t<td class=\"column-1\">Bruxism splint (1 splint for both arches)<\/td><td class=\"column-2\">4500 K\u010d<\/td><td class=\"column-3\">180 \u20ac<\/td>\n<\/tr>\n<tr class=\"row-6\">\n\t<td class=\"column-1\">Custom-made sports mouthguard<\/td><td class=\"column-2\">6000 K\u010d<\/td><td class=\"column-3\">240 \u20ac<\/td>\n<\/tr>\n<\/tbody>\n<\/table>\n<!-- #tablepress-4 from cache -->\n\n\t\t<\/div>\n\t<\/div>\n<div class=\"vc_empty_space\"   style=\"height: 32px\"><span class=\"vc_empty_space_inner\"><\/span><\/div>\n\t<div class=\"wpb_text_column wpb_content_element\" >\n\t\t<div class=\"wpb_wrapper\">\n\t\t\t\n<table id=\"tablepress-5\" class=\"tablepress tablepress-id-5\">\n<thead>\n<tr class=\"row-1\">\n\t<th class=\"column-1\">Dental hygiene<\/th><th class=\"column-2\">Price (K\u010d)<\/th><th class=\"column-3\">Price (\u20ac)<\/th>\n<\/tr>\n<\/thead>\n<tbody class=\"row-striping row-hover\">\n<tr class=\"row-2\">\n\t<td class=\"column-1\">Children\u2019s dental hygiene (up to 11 y.o.)<\/td><td class=\"column-2\">1500 K\u010d<\/td><td class=\"column-3\">60 \u20ac<\/td>\n<\/tr>\n<tr class=\"row-3\">\n\t<td class=\"column-1\">Initial dental hygiene + Air Flow (60 min)<\/td><td class=\"column-2\">2000 K\u010d<\/td><td class=\"column-3\">80 \u20ac<\/td>\n<\/tr>\n<tr class=\"row-4\">\n\t<td class=\"column-1\">Dental Hygiene Recall + Air Flow (60 min)<\/td><td class=\"column-2\">1800 K\u010d<\/td><td class=\"column-3\">72 \u20ac<\/td>\n<\/tr>\n<tr class=\"row-5\">\n\t<td class=\"column-1\">Tooth remineralization treatment<\/td><td class=\"column-2\">900 K\u010d<\/td><td class=\"column-3\">36 \u20ac<\/td>\n<\/tr>\n<tr class=\"row-6\">\n\t<td class=\"column-1\">Air Flow<\/td><td class=\"column-2\">700 K\u010d<\/td><td class=\"column-3\">28 \u20ac<\/td>\n<\/tr>\n<\/tbody>\n<\/table>\n<!-- #tablepress-5 from cache -->\n\n\t\t<\/div>\n\t<\/div>\n<div class=\"vc_empty_space\"   style=\"height: 32px\"><span class=\"vc_empty_space_inner\"><\/span><\/div>\n\t<div class=\"wpb_text_column wpb_content_element\" >\n\t\t<div class=\"wpb_wrapper\">\n\t\t\t\n<table id=\"tablepress-6\" class=\"tablepress tablepress-id-6\">\n<thead>\n<tr class=\"row-1\">\n\t<th class=\"column-1\">Root canals treatment<\/th><th class=\"column-2\">Price (K\u010d)<\/th><th class=\"column-3\">Price (\u20ac)<\/th>\n<\/tr>\n<\/thead>\n<tbody class=\"row-striping row-hover\">\n<tr class=\"row-2\">\n\t<td class=\"column-1\">Medication application during root canal treatment 1 - canal tooth<\/td><td class=\"column-2\">2200 K\u010d<\/td><td class=\"column-3\">88 \u20ac<\/td>\n<\/tr>\n<tr class=\"row-3\">\n\t<td class=\"column-1\">Medication application during root canal treatment 2 - canal tooth<\/td><td class=\"column-2\">2400\u00a0K\u010d<\/td><td class=\"column-3\">96\u00a0\u20ac<\/td>\n<\/tr>\n<tr class=\"row-4\">\n\t<td class=\"column-1\">Medication application during root canal treatment 3 - canal tooth<\/td><td class=\"column-2\">2600\u00a0K\u010d<\/td><td class=\"column-3\">104\u00a0\u20ac<\/td>\n<\/tr>\n<tr class=\"row-5\">\n\t<td class=\"column-1\">Root canal preparation and filling under a microscope 1 - canal tooth<\/td><td class=\"column-2\">5500\u00a0K\u010d<\/td><td class=\"column-3\">220\u00a0\u20ac<\/td>\n<\/tr>\n<tr class=\"row-6\">\n\t<td class=\"column-1\">Root canal preparation and filling under a microscope 2 - canal tooth<\/td><td class=\"column-2\">6500\u00a0K\u010d<\/td><td class=\"column-3\">260\u00a0\u20ac<\/td>\n<\/tr>\n<tr class=\"row-7\">\n\t<td class=\"column-1\">Root canal preparation and filling under a microscope 3 - canal tooth<\/td><td class=\"column-2\">7500\u00a0K\u010d<\/td><td class=\"column-3\">300\u00a0\u20ac<\/td>\n<\/tr>\n<tr class=\"row-8\">\n\t<td class=\"column-1\">Endodontic retreatment (removal of filling material from previously treated canals only) 1 - canal tooth<\/td><td class=\"column-2\">2800\u00a0K\u010d<\/td><td class=\"column-3\">112\u00a0\u20ac<\/td>\n<\/tr>\n<tr class=\"row-9\">\n\t<td class=\"column-1\">Endodontic retreatment (removal of filling material from previously treated canals only) 2 - canal tooth<\/td><td class=\"column-2\">3300\u00a0K\u010d<\/td><td class=\"column-3\">132\u00a0\u20ac<\/td>\n<\/tr>\n<tr class=\"row-10\">\n\t<td class=\"column-1\">Endodontic retreatment (removal of filling material from previously treated canals only) 3 - canal tooth<\/td><td class=\"column-2\">3800\u00a0K\u010d<\/td><td class=\"column-3\">152\u00a0\u20ac<\/td>\n<\/tr>\n<\/tbody>\n<\/table>\n<!-- #tablepress-6 from cache -->\n\n\t\t<\/div>\n\t<\/div>\n<div class=\"vc_empty_space\"   style=\"height: 32px\"><span class=\"vc_empty_space_inner\"><\/span><\/div>\n\t<div class=\"wpb_text_column wpb_content_element\" >\n\t\t<div class=\"wpb_wrapper\">\n\t\t\t\n<table id=\"tablepress-7\" class=\"tablepress tablepress-id-7\">\n<thead>\n<tr class=\"row-1\">\n\t<th class=\"column-1\">Implantology &amp; Prosthetics<\/th><th class=\"column-2\">Price (K\u010d)<\/th><th class=\"column-3\">Price (\u20ac)<\/th>\n<\/tr>\n<\/thead>\n<tbody class=\"row-striping row-hover\">\n<tr class=\"row-2\">\n\t<td class=\"column-1\">Phase 1 implant surgery - ROOTT Switzerland implant insertion<\/td><td class=\"column-2\">16000 K\u010d<\/td><td class=\"column-3\">640 \u20ac<\/td>\n<\/tr>\n<tr class=\"row-3\">\n\t<td class=\"column-1\">Phase 2 \u2013 implant restoration (scan + abutment + crown) \u2013 ROOTT<\/td><td class=\"column-2\">17500 K\u010d<\/td><td class=\"column-3\">700 \u20ac<\/td>\n<\/tr>\n<tr class=\"row-4\">\n\t<td class=\"column-1\">Phase 2 \u2013 implant restoration (digital scan + custom abutment (anterior region) + crown) \u2013 ROOTT<\/td><td class=\"column-2\">19500 K\u010d<\/td><td class=\"column-3\">780 \u20ac<\/td>\n<\/tr>\n<tr class=\"row-5\">\n\t<td class=\"column-1\">Phase 1 \u2013 Straumann SLA implant placement (Switzerland)<\/td><td class=\"column-2\">22000 K\u010d<\/td><td class=\"column-3\">880 \u20ac<\/td>\n<\/tr>\n<tr class=\"row-6\">\n\t<td class=\"column-1\">Phase 1 \u2013 Straumann SL Active implant placement (Switzerland)<\/td><td class=\"column-2\">25000 K\u010d<\/td><td class=\"column-3\">1000 \u20ac<\/td>\n<\/tr>\n<tr class=\"row-7\">\n\t<td class=\"column-1\">Phase 2 \u2013 implant restoration (scan + abutment + crown) \u2013 Straumann<\/td><td class=\"column-2\">22000 K\u010d<\/td><td class=\"column-3\">880\u00a0\u20ac<\/td>\n<\/tr>\n<tr class=\"row-8\">\n\t<td class=\"column-1\">Phase 2 \u2013 implant restoration (scan + custom abutment (anterior region)+ crown) Straumann<\/td><td class=\"column-2\">25000 K\u010d<\/td><td class=\"column-3\">1000\u00a0\u20ac<\/td>\n<\/tr>\n<tr class=\"row-9\">\n\t<td class=\"column-1\">All-on-4 (4 implants for an edentulous arch + full zirconia bridge on a titanium framework)<\/td><td class=\"column-2\">203000 - 260000 K\u010d<\/td><td class=\"column-3\">8120 - 10400\u00a0\u20ac<\/td>\n<\/tr>\n<tr class=\"row-10\">\n\t<td class=\"column-1\">All-on-6 (6 implants for an edentulous arch + full zirconia bridge on a titanium framework)<\/td><td class=\"column-2\">260000 - 300000 K\u010d<\/td><td class=\"column-3\">10400 - 12000\u00a0\u20ac<\/td>\n<\/tr>\n<tr class=\"row-11\">\n\t<td class=\"column-1\">Full zirconia ceramic crown<\/td><td class=\"column-2\">9900 K\u010d<\/td><td class=\"column-3\">396\u00a0\u20ac<\/td>\n<\/tr>\n<tr class=\"row-12\">\n\t<td class=\"column-1\">High-esthetic zirconia crown EMPRESS, EMAX (anterior region)<\/td><td class=\"column-2\">12500 K\u010d<\/td><td class=\"column-3\">500\u00a0\u20ac<\/td>\n<\/tr>\n<tr class=\"row-13\">\n\t<td class=\"column-1\">Aesthetic ceramic veneer EMPRESS\/EMAX<\/td><td class=\"column-2\">19500 K\u010d<\/td><td class=\"column-3\">780\u00a0\u20ac<\/td>\n<\/tr>\n<\/tbody>\n<\/table>\n<!-- #tablepress-7 from cache -->\n\n\t\t<\/div>\n\t<\/div>\n<div class=\"vc_empty_space\"   style=\"height: 32px\"><span class=\"vc_empty_space_inner\"><\/span><\/div>\n\t<div class=\"wpb_text_column wpb_content_element\" >\n\t\t<div class=\"wpb_wrapper\">\n\t\t\t\n<table id=\"tablepress-8\" class=\"tablepress tablepress-id-8\">\n<thead>\n<tr class=\"row-1\">\n\t<th class=\"column-1\">Dental surgery<\/th><th class=\"column-2\">Price (K\u010d)<\/th><th class=\"column-3\">Price (\u20ac)<\/th>\n<\/tr>\n<\/thead>\n<tbody class=\"row-striping row-hover\">\n<tr class=\"row-2\">\n\t<td class=\"column-1\">Tooth extraction<\/td><td class=\"column-2\">2000 - 3500\u00a0K\u010d<\/td><td class=\"column-3\">80 - 140\u00a0\u20ac<\/td>\n<\/tr>\n<tr class=\"row-3\">\n\t<td class=\"column-1\">Wisdom tooth extraction<\/td><td class=\"column-2\">od 3800\u00a0K\u010d<\/td><td class=\"column-3\">from 152\u00a0\u20ac<\/td>\n<\/tr>\n<tr class=\"row-4\">\n\t<td class=\"column-1\">Bone augmentation<\/td><td class=\"column-2\">20000 - 40000\u00a0K\u010d<\/td><td class=\"column-3\">800 - 1600\u00a0\u20ac<\/td>\n<\/tr>\n<tr class=\"row-5\">\n\t<td class=\"column-1\">Cyst removal<\/td><td class=\"column-2\">5000\u00a0K\u010d<\/td><td class=\"column-3\">200\u00a0\u20ac<\/td>\n<\/tr>\n<tr class=\"row-6\">\n\t<td class=\"column-1\">Gingivoplasty (electrocautery)<\/td><td class=\"column-2\">od 500\u00a0K\u010d<\/td><td class=\"column-3\">from 20\u00a0\u20ac<\/td>\n<\/tr>\n<tr class=\"row-7\">\n\t<td class=\"column-1\">Apicoectomy (root tip resection)<\/td><td class=\"column-2\">3500 - 5500\u00a0K\u010d<\/td><td class=\"column-3\">140-220\u00a0\u20ac<\/td>\n<\/tr>\n<tr class=\"row-8\">\n\t<td class=\"column-1\">Recession coverage<\/td><td class=\"column-2\">od 5000\u00a0K\u010d <\/td><td class=\"column-3\">from\u00a0200 \u20ac<\/td>\n<\/tr>\n<\/tbody>\n<\/table>\n<!-- #tablepress-8 from cache -->\n\n\t\t<\/div>\n\t<\/div>\n<div class=\"vc_empty_space\"   style=\"height: 32px\"><span class=\"vc_empty_space_inner\"><\/span><\/div>\n\t<div class=\"wpb_text_column wpb_content_element\" >\n\t\t<div class=\"wpb_wrapper\">\n\t\t\t\n<table id=\"tablepress-9\" class=\"tablepress tablepress-id-9\">\n<thead>\n<tr class=\"row-1\">\n\t<th class=\"column-1\">Orthodontics<\/th><th class=\"column-2\">Price (K\u010d)<\/th><th class=\"column-3\">Price (\u20ac)<\/th>\n<\/tr>\n<\/thead>\n<tbody class=\"row-striping row-hover\">\n<tr class=\"row-2\">\n\t<td class=\"column-1\">Orthodontic consultation including CBCT, 3D scan, clinical photographs, and treatment planning <\/td><td class=\"column-2\">4000\u00a0K\u010d<\/td><td class=\"column-3\">160\u00a0\u20ac<\/td>\n<\/tr>\n<tr class=\"row-3\">\n\t<td class=\"column-1\">ORDOLINE Basic aligner treatment \u2013 up to 20 aligners<\/td><td class=\"column-2\">70000\u00a0K\u010d<\/td><td class=\"column-3\">2800\u00a0\u20ac<\/td>\n<\/tr>\n<tr class=\"row-4\">\n\t<td class=\"column-1\">Treatment review and data collection (usually after 10,18 aligners)<\/td><td class=\"column-2\">3000\u00a0K\u010d<\/td><td class=\"column-3\">120\u00a0\u20ac<\/td>\n<\/tr>\n<tr class=\"row-5\">\n\t<td class=\"column-1\">Retainer \u2013 upper and lower arches <\/td><td class=\"column-2\">4500\u00a0K\u010d<\/td><td class=\"column-3\">180\u00a0\u20ac<\/td>\n<\/tr>\n<tr class=\"row-6\">\n\t<td class=\"column-1\">Retainer \u2013 single arch<\/td><td class=\"column-2\">2500\u00a0K\u010d<\/td><td class=\"column-3\">100\u00a0\u20ac<\/td>\n<\/tr>\n<tr class=\"row-7\">\n\t<td class=\"column-1\">Bonded fixed retainer - 6 teeth<\/td><td class=\"column-2\">4500\u00a0K\u010d<\/td><td class=\"column-3\">180\u00a0\u20ac<\/td>\n<\/tr>\n<tr class=\"row-8\">\n\t<td class=\"column-1\">Fixed retainer repair <\/td><td class=\"column-2\">1500\u00a0K\u010d<\/td><td class=\"column-3\">60\u00a0\u20ac<\/td>\n<\/tr>\n<\/tbody>\n<\/table>\n<!-- #tablepress-9 from cache -->\n\n\t\t<\/div>\n\t<\/div>\n<\/div><\/div><\/div><\/div><div class=\"vc_row-full-width vc_clearfix\"><\/div><div class=\"vc_row wpb_row vc_row-fluid\"><div class=\"wpb_column vc_column_container vc_col-sm-12\"><div class=\"vc_column-inner\"><div class=\"wpb_wrapper\"><div class=\"fb_like wpb_content_element fb_type_standard\" ><iframe src=\"https:\/\/www.facebook.com\/plugins\/like.php?href=https:\/\/yourdentist.cz\/en\/prices\/&amp;layout=standard&amp;show_faces=false&amp;action=like&amp;colorscheme=light\" scrolling=\"no\" frameborder=\"0\" allowtransparency=\"true\"><\/iframe><\/div><\/div><\/div><\/div><\/div>","protected":false},"excerpt":{"rendered":"Ceny Preventivn\u00ed a diagnostick\u00e9 slu\u017ebyCena (K\u010d)Cena (\u20ac) Preventivn\u00ed prohl\u00eddka (1. za rok)400 K\u010d16 \u20ac Vstupn\u00ed prohl\u00eddka ( CBCT+ konzultace)2800 K\u010d112 [...]","protected":false},"author":1,"featured_media":0,"parent":0,"menu_order":0,"comment_status":"closed","ping_status":"closed","template":"","meta":{"footnotes":""},"class_list":["post-8266","page","type-page","status-publish","hentry"],"yoast_head":"<!-- This site is optimized with the Yoast SEO plugin v25.4 - https:\/\/yoast.com\/wordpress\/plugins\/seo\/ -->\n<title>YourDentist.cz prices | High-Quality Dental Care Prague<\/title>\n<meta name=\"description\" content=\"Discover YourDentist.cz prices \u2014 transparent, high-quality dental care in Prague with English-speaking dentists trusted by 4,500+ patients\" \/>\n<meta name=\"robots\" content=\"index, follow, max-snippet:-1, max-image-preview:large, max-video-preview:-1\" \/>\n<link rel=\"canonical\" href=\"https:\/\/yourdentist.cz\/en\/prices\/\" \/>\n<meta property=\"og:locale\" content=\"en_US\" \/>\n<meta property=\"og:type\" content=\"article\" \/>\n<meta property=\"og:title\" content=\"YourDentist.cz prices | High-Quality Dental Care Prague\" \/>\n<meta property=\"og:description\" content=\"Discover YourDentist.cz prices \u2014 transparent, high-quality dental care in Prague with English-speaking dentists trusted by 4,500+ patients\" \/>\n<meta property=\"og:url\" content=\"https:\/\/yourdentist.cz\/en\/prices\/\" \/>\n<meta property=\"og:site_name\" content=\"yourdentist.cz\" \/>\n<meta property=\"article:publisher\" content=\"https:\/\/www.facebook.com\/yourdentist.cz\" \/>\n<meta property=\"article:modified_time\" content=\"2026-04-01T11:39:42+00:00\" \/>\n<meta name=\"twitter:card\" content=\"summary_large_image\" \/>\n<meta name=\"twitter:label1\" content=\"Est. reading time\" \/>\n\t<meta name=\"twitter:data1\" content=\"1 minute\" \/>\n<script type=\"application\/ld+json\" class=\"yoast-schema-graph\">{\"@context\":\"https:\/\/schema.org\",\"@graph\":[{\"@type\":\"WebPage\",\"@id\":\"https:\/\/yourdentist.cz\/prices\/\",\"url\":\"https:\/\/yourdentist.cz\/prices\/\",\"name\":\"YourDentist.cz prices | High-Quality Dental Care Prague\",\"isPartOf\":{\"@id\":\"https:\/\/yourdentist.cz\/en\/#website\"},\"datePublished\":\"2023-12-13T19:10:16+00:00\",\"dateModified\":\"2026-04-01T11:39:42+00:00\",\"description\":\"Discover YourDentist.cz prices \u2014 transparent, high-quality dental care in Prague with English-speaking dentists trusted by 4,500+ patients\",\"breadcrumb\":{\"@id\":\"https:\/\/yourdentist.cz\/prices\/#breadcrumb\"},\"inLanguage\":\"en-US\",\"potentialAction\":[{\"@type\":\"ReadAction\",\"target\":[\"https:\/\/yourdentist.cz\/prices\/\"]}]},{\"@type\":\"BreadcrumbList\",\"@id\":\"https:\/\/yourdentist.cz\/prices\/#breadcrumb\",\"itemListElement\":[{\"@type\":\"ListItem\",\"position\":1,\"name\":\"Home\",\"item\":\"https:\/\/yourdentist.cz\/\"},{\"@type\":\"ListItem\",\"position\":2,\"name\":\"Ceny\"}]},{\"@type\":\"WebSite\",\"@id\":\"https:\/\/yourdentist.cz\/en\/#website\",\"url\":\"https:\/\/yourdentist.cz\/en\/\",\"name\":\"yourdentist.cz\",\"description\":\"\",\"publisher\":{\"@id\":\"https:\/\/yourdentist.cz\/en\/#organization\"},\"potentialAction\":[{\"@type\":\"SearchAction\",\"target\":{\"@type\":\"EntryPoint\",\"urlTemplate\":\"https:\/\/yourdentist.cz\/en\/?s={search_term_string}\"},\"query-input\":{\"@type\":\"PropertyValueSpecification\",\"valueRequired\":true,\"valueName\":\"search_term_string\"}}],\"inLanguage\":\"en-US\"},{\"@type\":\"Organization\",\"@id\":\"https:\/\/yourdentist.cz\/en\/#organization\",\"name\":\"yourdentist.cz\",\"url\":\"https:\/\/yourdentist.cz\/en\/\",\"logo\":{\"@type\":\"ImageObject\",\"inLanguage\":\"en-US\",\"@id\":\"https:\/\/yourdentist.cz\/en\/#\/schema\/logo\/image\/\",\"url\":\"https:\/\/yourdentist.cz\/wp-content\/uploads\/2025\/05\/logo-with-green-checkmark.png\",\"contentUrl\":\"https:\/\/yourdentist.cz\/wp-content\/uploads\/2025\/05\/logo-with-green-checkmark.png\",\"width\":1024,\"height\":1024,\"caption\":\"yourdentist.cz\"},\"image\":{\"@id\":\"https:\/\/yourdentist.cz\/en\/#\/schema\/logo\/image\/\"},\"sameAs\":[\"https:\/\/www.facebook.com\/yourdentist.cz\",\"https:\/\/www.instagram.com\/yourdentist.cz\"]}]}<\/script>\n<!-- \/ Yoast SEO plugin. -->","yoast_head_json":{"title":"YourDentist.cz prices | High-Quality Dental Care Prague","description":"Discover YourDentist.cz prices \u2014 transparent, high-quality dental care in Prague with English-speaking dentists trusted by 4,500+ patients","robots":{"index":"index","follow":"follow","max-snippet":"max-snippet:-1","max-image-preview":"max-image-preview:large","max-video-preview":"max-video-preview:-1"},"canonical":"https:\/\/yourdentist.cz\/en\/prices\/","og_locale":"en_US","og_type":"article","og_title":"YourDentist.cz prices | High-Quality Dental Care Prague","og_description":"Discover YourDentist.cz prices \u2014 transparent, high-quality dental care in Prague with English-speaking dentists trusted by 4,500+ patients","og_url":"https:\/\/yourdentist.cz\/en\/prices\/","og_site_name":"yourdentist.cz","article_publisher":"https:\/\/www.facebook.com\/yourdentist.cz","article_modified_time":"2026-04-01T11:39:42+00:00","twitter_card":"summary_large_image","twitter_misc":{"Est. reading time":"1 minute"},"schema":{"@context":"https:\/\/schema.org","@graph":[{"@type":"WebPage","@id":"https:\/\/yourdentist.cz\/prices\/","url":"https:\/\/yourdentist.cz\/prices\/","name":"YourDentist.cz prices | High-Quality Dental Care Prague","isPartOf":{"@id":"https:\/\/yourdentist.cz\/en\/#website"},"datePublished":"2023-12-13T19:10:16+00:00","dateModified":"2026-04-01T11:39:42+00:00","description":"Discover YourDentist.cz prices \u2014 transparent, high-quality dental care in Prague with English-speaking dentists trusted by 4,500+ patients","breadcrumb":{"@id":"https:\/\/yourdentist.cz\/prices\/#breadcrumb"},"inLanguage":"en-US","potentialAction":[{"@type":"ReadAction","target":["https:\/\/yourdentist.cz\/prices\/"]}]},{"@type":"BreadcrumbList","@id":"https:\/\/yourdentist.cz\/prices\/#breadcrumb","itemListElement":[{"@type":"ListItem","position":1,"name":"Home","item":"https:\/\/yourdentist.cz\/"},{"@type":"ListItem","position":2,"name":"Ceny"}]},{"@type":"WebSite","@id":"https:\/\/yourdentist.cz\/en\/#website","url":"https:\/\/yourdentist.cz\/en\/","name":"yourdentist.cz","description":"","publisher":{"@id":"https:\/\/yourdentist.cz\/en\/#organization"},"potentialAction":[{"@type":"SearchAction","target":{"@type":"EntryPoint","urlTemplate":"https:\/\/yourdentist.cz\/en\/?s={search_term_string}"},"query-input":{"@type":"PropertyValueSpecification","valueRequired":true,"valueName":"search_term_string"}}],"inLanguage":"en-US"},{"@type":"Organization","@id":"https:\/\/yourdentist.cz\/en\/#organization","name":"yourdentist.cz","url":"https:\/\/yourdentist.cz\/en\/","logo":{"@type":"ImageObject","inLanguage":"en-US","@id":"https:\/\/yourdentist.cz\/en\/#\/schema\/logo\/image\/","url":"https:\/\/yourdentist.cz\/wp-content\/uploads\/2025\/05\/logo-with-green-checkmark.png","contentUrl":"https:\/\/yourdentist.cz\/wp-content\/uploads\/2025\/05\/logo-with-green-checkmark.png","width":1024,"height":1024,"caption":"yourdentist.cz"},"image":{"@id":"https:\/\/yourdentist.cz\/en\/#\/schema\/logo\/image\/"},"sameAs":["https:\/\/www.facebook.com\/yourdentist.cz","https:\/\/www.instagram.com\/yourdentist.cz"]}]}},"_links":{"self":[{"href":"https:\/\/yourdentist.cz\/en\/wp-json\/wp\/v2\/pages\/8266","targetHints":{"allow":["GET"]}}],"collection":[{"href":"https:\/\/yourdentist.cz\/en\/wp-json\/wp\/v2\/pages"}],"about":[{"href":"https:\/\/yourdentist.cz\/en\/wp-json\/wp\/v2\/types\/page"}],"author":[{"embeddable":true,"href":"https:\/\/yourdentist.cz\/en\/wp-json\/wp\/v2\/users\/1"}],"replies":[{"embeddable":true,"href":"https:\/\/yourdentist.cz\/en\/wp-json\/wp\/v2\/comments?post=8266"}],"version-history":[{"count":24,"href":"https:\/\/yourdentist.cz\/en\/wp-json\/wp\/v2\/pages\/8266\/revisions"}],"predecessor-version":[{"id":8717,"href":"https:\/\/yourdentist.cz\/en\/wp-json\/wp\/v2\/pages\/8266\/revisions\/8717"}],"wp:attachment":[{"href":"https:\/\/yourdentist.cz\/en\/wp-json\/wp\/v2\/media?parent=8266"}],"curies":[{"name":"wp","href":"https:\/\/api.w.org\/{rel}","templated":true}]}}