{"id":5752,"date":"2018-10-22T13:48:34","date_gmt":"2018-10-22T13:48:34","guid":{"rendered":"https:\/\/www.ekko-wp.com\/?page_id=5752"},"modified":"2025-10-15T14:19:14","modified_gmt":"2025-10-15T14:19:14","slug":"contact","status":"publish","type":"page","link":"https:\/\/yourdentist.cz\/en\/contact\/","title":{"rendered":"Contact us"},"content":{"rendered":"<div data-vc-full-width=\"true\" data-vc-full-width-init=\"false\" class=\"vc_row wpb_row vc_row-fluid section-title vc_custom_1702495185735\"><div class=\"wpb_column vc_column_container vc_col-sm-12\"><div class=\"vc_column-inner vc_custom_1516095762744\"><div class=\"wpb_wrapper\"><header class=\"kd-section-title col-lg-12 text-center\" ><h2 class=\"separator_off\" >Contact info<\/h2><\/header><div class=\"vc_row wpb_row vc_inner vc_row-fluid vc_custom_1606928495270 vc_row-has-padding-bottom vc_row-o-content-middle vc_row-flex\"><div class=\"wpb_column vc_column_container vc_col-sm-6\"><div class=\"vc_column-inner vc_custom_1556019967766\"><div class=\"wpb_wrapper\"><h3 style=\"text-align: left\" class=\"vc_custom_heading wpb_animate_when_almost_visible wpb_fadeIn fadeIn\" >Soukalova 2180\/6, Praha 12, Czechia<\/h3><h5 style=\"text-align: left\" class=\"vc_custom_heading wpb_animate_when_almost_visible wpb_fadeIn fadeIn vc_custom_1654031305255\" >Email: yourdentistcz@gmail.com<\/h5><h5 style=\"text-align: left\" class=\"vc_custom_heading wpb_animate_when_almost_visible wpb_fadeIn fadeIn\" >Phone: +420 777 693 373<\/h5><h6 style=\"text-align: left\" class=\"vc_custom_heading wpb_animate_when_almost_visible wpb_fadeIn fadeIn\" >For appointments, call us or send an SMS<\/h6><\/div><\/div><\/div><div class=\"custom-map-new wpb_column vc_column_container vc_col-sm-6\"><div class=\"vc_column-inner vc_custom_1702495589197\"><div class=\"wpb_wrapper\"><div class=\"wpb_gmaps_widget wpb_content_element\"><div class=\"wpb_wrapper\"><div class=\"wpb_map_wraper\"><iframe loading=\"lazy\" id=\"map\" src=\"https:\/\/www.google.com\/maps\/d\/embed?mid=1AkJe-SrMQSdsGIBiClw4bviaOA5S6Pjo&z=17\" width=\"600\" height=\"450\" frameborder=\"0\" style=\"border:0;\" allowfullscreen=\"\" aria-hidden=\"false\" tabindex=\"0\"><\/iframe><\/div><\/div><\/div>\n\t<div class=\"wpb_raw_code wpb_content_element wpb_raw_html\" >\n\t\t<div class=\"wpb_wrapper\">\n\t\t\t<div id=\"hidemapuselesscontent\">\n<\/div>\n\t\t<\/div>\n\t<\/div>\n<\/div><\/div><\/div><\/div><\/div><\/div><\/div><\/div><div class=\"vc_row-full-width vc_clearfix\"><\/div>","protected":false},"excerpt":{"rendered":"Kontakt InfoSoukalova 2180\/6, Praha 12, CzechiaEmail: yourdentistcz@gmail.comPhone: +420 777 693 373Pro objedn\u00e1n\u00ed volejte nebo pi\u0161te SMS.","protected":false},"author":1,"featured_media":0,"parent":0,"menu_order":0,"comment_status":"closed","ping_status":"closed","template":"","meta":{"footnotes":""},"class_list":["post-5752","page","type-page","status-publish","hentry"],"yoast_head":"<!-- This site is optimized with the Yoast SEO plugin v25.4 - https:\/\/yoast.com\/wordpress\/plugins\/seo\/ -->\n<title>Contact YourDentist.cz | English-Speaking Dental Clinic Prague<\/title>\n<meta name=\"description\" content=\"Get in touch with YourDentist.cz \u2013 English-speaking dental clinic in Prague. Book an appointment or ask about treatments today\" \/>\n<meta name=\"robots\" content=\"index, follow, max-snippet:-1, max-image-preview:large, max-video-preview:-1\" \/>\n<link rel=\"canonical\" href=\"https:\/\/yourdentist.cz\/en\/contact\/\" \/>\n<meta property=\"og:locale\" content=\"en_US\" \/>\n<meta property=\"og:type\" content=\"article\" \/>\n<meta property=\"og:title\" content=\"Contact YourDentist.cz | English-Speaking Dental Clinic Prague\" \/>\n<meta property=\"og:description\" content=\"Get in touch with YourDentist.cz \u2013 English-speaking dental clinic in Prague. Book an appointment or ask about treatments today\" \/>\n<meta property=\"og:url\" content=\"https:\/\/yourdentist.cz\/en\/contact\/\" \/>\n<meta property=\"og:site_name\" content=\"yourdentist.cz\" \/>\n<meta property=\"article:publisher\" content=\"https:\/\/www.facebook.com\/yourdentist.cz\" \/>\n<meta property=\"article:modified_time\" content=\"2025-10-15T14:19:14+00:00\" \/>\n<meta name=\"twitter:card\" content=\"summary_large_image\" \/>\n<meta name=\"twitter:label1\" content=\"Est. reading time\" \/>\n\t<meta name=\"twitter:data1\" content=\"1 minute\" \/>\n<script type=\"application\/ld+json\" class=\"yoast-schema-graph\">{\"@context\":\"https:\/\/schema.org\",\"@graph\":[{\"@type\":\"WebPage\",\"@id\":\"https:\/\/yourdentist.cz\/contact\/\",\"url\":\"https:\/\/yourdentist.cz\/contact\/\",\"name\":\"Contact YourDentist.cz | English-Speaking Dental Clinic Prague\",\"isPartOf\":{\"@id\":\"https:\/\/yourdentist.cz\/en\/#website\"},\"datePublished\":\"2018-10-22T13:48:34+00:00\",\"dateModified\":\"2025-10-15T14:19:14+00:00\",\"description\":\"Get in touch with YourDentist.cz \u2013 English-speaking dental clinic in Prague. Book an appointment or ask about treatments today\",\"breadcrumb\":{\"@id\":\"https:\/\/yourdentist.cz\/contact\/#breadcrumb\"},\"inLanguage\":\"en-US\",\"potentialAction\":[{\"@type\":\"ReadAction\",\"target\":[\"https:\/\/yourdentist.cz\/contact\/\"]}]},{\"@type\":\"BreadcrumbList\",\"@id\":\"https:\/\/yourdentist.cz\/contact\/#breadcrumb\",\"itemListElement\":[{\"@type\":\"ListItem\",\"position\":1,\"name\":\"Home\",\"item\":\"https:\/\/yourdentist.cz\/\"},{\"@type\":\"ListItem\",\"position\":2,\"name\":\"Kontakt\"}]},{\"@type\":\"WebSite\",\"@id\":\"https:\/\/yourdentist.cz\/en\/#website\",\"url\":\"https:\/\/yourdentist.cz\/en\/\",\"name\":\"yourdentist.cz\",\"description\":\"\",\"publisher\":{\"@id\":\"https:\/\/yourdentist.cz\/en\/#organization\"},\"potentialAction\":[{\"@type\":\"SearchAction\",\"target\":{\"@type\":\"EntryPoint\",\"urlTemplate\":\"https:\/\/yourdentist.cz\/en\/?s={search_term_string}\"},\"query-input\":{\"@type\":\"PropertyValueSpecification\",\"valueRequired\":true,\"valueName\":\"search_term_string\"}}],\"inLanguage\":\"en-US\"},{\"@type\":\"Organization\",\"@id\":\"https:\/\/yourdentist.cz\/en\/#organization\",\"name\":\"yourdentist.cz\",\"url\":\"https:\/\/yourdentist.cz\/en\/\",\"logo\":{\"@type\":\"ImageObject\",\"inLanguage\":\"en-US\",\"@id\":\"https:\/\/yourdentist.cz\/en\/#\/schema\/logo\/image\/\",\"url\":\"https:\/\/yourdentist.cz\/wp-content\/uploads\/2025\/05\/logo-with-green-checkmark.png\",\"contentUrl\":\"https:\/\/yourdentist.cz\/wp-content\/uploads\/2025\/05\/logo-with-green-checkmark.png\",\"width\":1024,\"height\":1024,\"caption\":\"yourdentist.cz\"},\"image\":{\"@id\":\"https:\/\/yourdentist.cz\/en\/#\/schema\/logo\/image\/\"},\"sameAs\":[\"https:\/\/www.facebook.com\/yourdentist.cz\",\"https:\/\/www.instagram.com\/yourdentist.cz\"]}]}<\/script>\n<!-- \/ Yoast SEO plugin. -->","yoast_head_json":{"title":"Contact YourDentist.cz | English-Speaking Dental Clinic Prague","description":"Get in touch with YourDentist.cz \u2013 English-speaking dental clinic in Prague. Book an appointment or ask about treatments today","robots":{"index":"index","follow":"follow","max-snippet":"max-snippet:-1","max-image-preview":"max-image-preview:large","max-video-preview":"max-video-preview:-1"},"canonical":"https:\/\/yourdentist.cz\/en\/contact\/","og_locale":"en_US","og_type":"article","og_title":"Contact YourDentist.cz | English-Speaking Dental Clinic Prague","og_description":"Get in touch with YourDentist.cz \u2013 English-speaking dental clinic in Prague. Book an appointment or ask about treatments today","og_url":"https:\/\/yourdentist.cz\/en\/contact\/","og_site_name":"yourdentist.cz","article_publisher":"https:\/\/www.facebook.com\/yourdentist.cz","article_modified_time":"2025-10-15T14:19:14+00:00","twitter_card":"summary_large_image","twitter_misc":{"Est. reading time":"1 minute"},"schema":{"@context":"https:\/\/schema.org","@graph":[{"@type":"WebPage","@id":"https:\/\/yourdentist.cz\/contact\/","url":"https:\/\/yourdentist.cz\/contact\/","name":"Contact YourDentist.cz | English-Speaking Dental Clinic Prague","isPartOf":{"@id":"https:\/\/yourdentist.cz\/en\/#website"},"datePublished":"2018-10-22T13:48:34+00:00","dateModified":"2025-10-15T14:19:14+00:00","description":"Get in touch with YourDentist.cz \u2013 English-speaking dental clinic in Prague. Book an appointment or ask about treatments today","breadcrumb":{"@id":"https:\/\/yourdentist.cz\/contact\/#breadcrumb"},"inLanguage":"en-US","potentialAction":[{"@type":"ReadAction","target":["https:\/\/yourdentist.cz\/contact\/"]}]},{"@type":"BreadcrumbList","@id":"https:\/\/yourdentist.cz\/contact\/#breadcrumb","itemListElement":[{"@type":"ListItem","position":1,"name":"Home","item":"https:\/\/yourdentist.cz\/"},{"@type":"ListItem","position":2,"name":"Kontakt"}]},{"@type":"WebSite","@id":"https:\/\/yourdentist.cz\/en\/#website","url":"https:\/\/yourdentist.cz\/en\/","name":"yourdentist.cz","description":"","publisher":{"@id":"https:\/\/yourdentist.cz\/en\/#organization"},"potentialAction":[{"@type":"SearchAction","target":{"@type":"EntryPoint","urlTemplate":"https:\/\/yourdentist.cz\/en\/?s={search_term_string}"},"query-input":{"@type":"PropertyValueSpecification","valueRequired":true,"valueName":"search_term_string"}}],"inLanguage":"en-US"},{"@type":"Organization","@id":"https:\/\/yourdentist.cz\/en\/#organization","name":"yourdentist.cz","url":"https:\/\/yourdentist.cz\/en\/","logo":{"@type":"ImageObject","inLanguage":"en-US","@id":"https:\/\/yourdentist.cz\/en\/#\/schema\/logo\/image\/","url":"https:\/\/yourdentist.cz\/wp-content\/uploads\/2025\/05\/logo-with-green-checkmark.png","contentUrl":"https:\/\/yourdentist.cz\/wp-content\/uploads\/2025\/05\/logo-with-green-checkmark.png","width":1024,"height":1024,"caption":"yourdentist.cz"},"image":{"@id":"https:\/\/yourdentist.cz\/en\/#\/schema\/logo\/image\/"},"sameAs":["https:\/\/www.facebook.com\/yourdentist.cz","https:\/\/www.instagram.com\/yourdentist.cz"]}]}},"_links":{"self":[{"href":"https:\/\/yourdentist.cz\/en\/wp-json\/wp\/v2\/pages\/5752","targetHints":{"allow":["GET"]}}],"collection":[{"href":"https:\/\/yourdentist.cz\/en\/wp-json\/wp\/v2\/pages"}],"about":[{"href":"https:\/\/yourdentist.cz\/en\/wp-json\/wp\/v2\/types\/page"}],"author":[{"embeddable":true,"href":"https:\/\/yourdentist.cz\/en\/wp-json\/wp\/v2\/users\/1"}],"replies":[{"embeddable":true,"href":"https:\/\/yourdentist.cz\/en\/wp-json\/wp\/v2\/comments?post=5752"}],"version-history":[{"count":5,"href":"https:\/\/yourdentist.cz\/en\/wp-json\/wp\/v2\/pages\/5752\/revisions"}],"predecessor-version":[{"id":8605,"href":"https:\/\/yourdentist.cz\/en\/wp-json\/wp\/v2\/pages\/5752\/revisions\/8605"}],"wp:attachment":[{"href":"https:\/\/yourdentist.cz\/en\/wp-json\/wp\/v2\/media?parent=5752"}],"curies":[{"name":"wp","href":"https:\/\/api.w.org\/{rel}","templated":true}]}}